{"id":663,"date":"2023-08-17T16:44:35","date_gmt":"2023-08-17T16:44:35","guid":{"rendered":"https:\/\/serenabahia.com\/?page_id=663"},"modified":"2025-01-09T17:14:06","modified_gmt":"2025-01-09T17:14:06","slug":"bahia-solano","status":"publish","type":"page","link":"https:\/\/serenabahia.com\/en\/bahia-solano\/","title":{"rendered":"Bahia Solano"},"content":{"rendered":"<div data-elementor-type=\"wp-page\" data-elementor-id=\"663\" class=\"elementor elementor-663\" data-elementor-post-type=\"page\">\n\t\t\t\t<div class=\"elementor-element elementor-element-421bf34 e-flex e-con-boxed e-con e-parent\" data-id=\"421bf34\" data-element_type=\"container\" data-e-type=\"container\" data-settings=\"{&quot;background_background&quot;:&quot;classic&quot;}\">\n\t\t\t\t\t<div class=\"e-con-inner\">\n\t\t<div class=\"elementor-element elementor-element-8e95a25 e-con-full e-flex e-con e-child\" data-id=\"8e95a25\" data-element_type=\"container\" data-e-type=\"container\">\n\t\t\t\t<div class=\"elementor-element elementor-element-55b3ed4 elementor-widget elementor-widget-heading\" data-id=\"55b3ed4\" data-element_type=\"widget\" data-e-type=\"widget\" data-widget_type=\"heading.default\">\n\t\t\t\t\t<h2 class=\"elementor-heading-title elementor-size-default\">Discover the Unique Enchantments of Bah\u00eda Solano<\/h2>\t\t\t\t<\/div>\n\t\t\t\t<div class=\"elementor-element elementor-element-6f103b1 elementor-widget elementor-widget-text-editor\" data-id=\"6f103b1\" data-element_type=\"widget\" data-e-type=\"widget\" data-widget_type=\"text-editor.default\">\n\t\t\t\t\t\t\t\t\t<p>Located in a privileged position on the Colombian Pacific, the town of Bah\u00eda Solano has numerous natural and strategic advantages that make it an ideal place for the development of sustainable tourism projects.<\/p><p>To better understand the opportunities offered by this emerging destination, here is some key information about its geographic location and some interesting facts that highlight its potential for investors in the hotel and ecotourism sector.<\/p>\t\t\t\t\t\t\t\t<\/div>\n\t\t\t\t<\/div>\n\t\t<div class=\"elementor-element elementor-element-ff5a37e e-con-full e-flex e-con e-child\" data-id=\"ff5a37e\" data-element_type=\"container\" data-e-type=\"container\">\n\t\t\t\t<\/div>\n\t\t\t\t\t<\/div>\n\t\t\t\t<\/div>\n\t\t<div class=\"elementor-element elementor-element-b0e1975 e-flex e-con-boxed e-con e-parent\" data-id=\"b0e1975\" data-element_type=\"container\" data-e-type=\"container\">\n\t\t\t\t\t<div class=\"e-con-inner\">\n\t\t<div class=\"elementor-element elementor-element-39f0f7f e-con-full e-flex e-con e-child\" data-id=\"39f0f7f\" data-element_type=\"container\" data-e-type=\"container\">\n\t\t\t\t<div class=\"elementor-element elementor-element-1788151 elementor-widget elementor-widget-heading\" data-id=\"1788151\" data-element_type=\"widget\" data-e-type=\"widget\" data-widget_type=\"heading.default\">\n\t\t\t\t\t<h2 class=\"elementor-heading-title elementor-size-default\">The Hidden Jewel of the Pacific<\/h2>\t\t\t\t<\/div>\n\t\t\t\t<div class=\"elementor-element elementor-element-dd43606 elementor-widget elementor-widget-text-editor\" data-id=\"dd43606\" data-element_type=\"widget\" data-e-type=\"widget\" data-widget_type=\"text-editor.default\">\n\t\t\t\t\t\t\t\t\t<p><strong>Location<\/strong><\/p><p class=\"whitespace-pre-wrap\">Bah\u00eda Solano is located in the department of Choc\u00f3, on the coast of the Colombian Pacific Ocean. It belongs to the municipality of Nuqu\u00ed and is located about 525 kilometers northwest of Medell\u00edn and about 680 kilometers from Bogot\u00e1.<\/p><p class=\"whitespace-pre-wrap\">Its geographical position is strategic, since it is connected by sea with Panama and Costa Rica. By land, it is relatively close to important cities such as Quibd\u00f3, Medell\u00edn, Cali and the Eje Cafetero region.<\/p><p class=\"whitespace-pre-wrap\">Its proximity to renowned tourist destinations such as the Eje Cafetero and Bogota, capital of Colombia, is an advantage in terms of connectivity. At the same time, Bah\u00eda Solano offers a unique experience for its natural beauty and important Afro-descendant population with its own traditions.<\/p>\t\t\t\t\t\t\t\t<\/div>\n\t\t\t\t<div class=\"elementor-element elementor-element-1aa4c5d elementor-widget elementor-widget-button\" data-id=\"1aa4c5d\" data-element_type=\"widget\" data-e-type=\"widget\" data-widget_type=\"button.default\">\n\t\t\t\t\t\t\t\t\t\t<a class=\"elementor-button elementor-button-link elementor-size-sm\" href=\"#\">\n\t\t\t\t\t\t<span class=\"elementor-button-content-wrapper\">\n\t\t\t\t\t\t\t\t\t<span class=\"elementor-button-text\">Learn more<\/span>\n\t\t\t\t\t<\/span>\n\t\t\t\t\t<\/a>\n\t\t\t\t\t\t\t\t<\/div>\n\t\t\t\t<\/div>\n\t\t<div class=\"elementor-element elementor-element-4ccdc63 e-con-full e-flex e-con e-child\" data-id=\"4ccdc63\" data-element_type=\"container\" data-e-type=\"container\">\n\t\t\t\t<div class=\"elementor-element elementor-element-201720a elementor-widget elementor-widget-image\" data-id=\"201720a\" data-element_type=\"widget\" data-e-type=\"widget\" data-widget_type=\"image.default\">\n\t\t\t\t\t\t\t\t\t\t\t\t\t\t\t\t<a href=\"https:\/\/serenabahia.com\/wp-content\/uploads\/2023\/08\/mapa.jpg\" data-elementor-open-lightbox=\"yes\" data-elementor-lightbox-title=\"mapa\" data-e-action-hash=\"#elementor-action%3Aaction%3Dlightbox%26settings%3DeyJpZCI6ODI2LCJ1cmwiOiJodHRwczpcL1wvc2VyZW5hYmFoaWEuY29tXC93cC1jb250ZW50XC91cGxvYWRzXC8yMDIzXC8wOFwvbWFwYS5qcGcifQ%3D%3D\">\n\t\t\t\t\t\t\t<img fetchpriority=\"high\" decoding=\"async\" width=\"1000\" height=\"871\" src=\"https:\/\/serenabahia.com\/wp-content\/uploads\/2023\/08\/mapa.jpg\" class=\"attachment-full size-full wp-image-826\" alt=\"\" srcset=\"https:\/\/serenabahia.com\/wp-content\/uploads\/2023\/08\/mapa.jpg 1000w, https:\/\/serenabahia.com\/wp-content\/uploads\/2023\/08\/mapa-300x261.jpg 300w, https:\/\/serenabahia.com\/wp-content\/uploads\/2023\/08\/mapa-768x669.jpg 768w\" sizes=\"(max-width: 1000px) 100vw, 1000px\" \/>\t\t\t\t\t\t\t\t<\/a>\n\t\t\t\t\t\t\t\t\t\t\t\t\t\t\t<\/div>\n\t\t\t\t<\/div>\n\t\t\t\t\t<\/div>\n\t\t\t\t<\/div>\n\t\t<div class=\"elementor-element elementor-element-b978c39 e-flex e-con-boxed e-con e-parent\" data-id=\"b978c39\" data-element_type=\"container\" data-e-type=\"container\" data-settings=\"{&quot;background_background&quot;:&quot;classic&quot;}\">\n\t\t\t\t\t<div class=\"e-con-inner\">\n\t\t<div class=\"elementor-element elementor-element-cec0d41 e-con-full e-flex e-con e-child\" data-id=\"cec0d41\" data-element_type=\"container\" data-e-type=\"container\">\n\t\t\t\t<div class=\"elementor-element elementor-element-8cfc5d1 elementor-widget elementor-widget-gallery\" data-id=\"8cfc5d1\" data-element_type=\"widget\" data-e-type=\"widget\" data-settings=\"{&quot;columns&quot;:2,&quot;lazyload&quot;:&quot;yes&quot;,&quot;gallery_layout&quot;:&quot;grid&quot;,&quot;columns_tablet&quot;:2,&quot;columns_mobile&quot;:1,&quot;gap&quot;:{&quot;unit&quot;:&quot;px&quot;,&quot;size&quot;:10,&quot;sizes&quot;:[]},&quot;gap_tablet&quot;:{&quot;unit&quot;:&quot;px&quot;,&quot;size&quot;:10,&quot;sizes&quot;:[]},&quot;gap_mobile&quot;:{&quot;unit&quot;:&quot;px&quot;,&quot;size&quot;:10,&quot;sizes&quot;:[]},&quot;link_to&quot;:&quot;file&quot;,&quot;aspect_ratio&quot;:&quot;3:2&quot;,&quot;overlay_background&quot;:&quot;yes&quot;,&quot;content_hover_animation&quot;:&quot;fade-in&quot;}\" data-widget_type=\"gallery.default\">\n\t\t\t\t\t\t\t<div class=\"elementor-gallery__container\">\n\t\t\t\t\t\t\t<a class=\"e-gallery-item elementor-gallery-item elementor-animated-content\" href=\"https:\/\/serenabahia.com\/wp-content\/uploads\/2023\/08\/Bahi-solano-bahia.jpg\" data-elementor-open-lightbox=\"yes\" data-elementor-lightbox-slideshow=\"8cfc5d1\" data-elementor-lightbox-title=\"Bahi-solano-bahia\" data-e-action-hash=\"#elementor-action%3Aaction%3Dlightbox%26settings%3DeyJpZCI6ODE2LCJ1cmwiOiJodHRwczpcL1wvc2VyZW5hYmFoaWEuY29tXC93cC1jb250ZW50XC91cGxvYWRzXC8yMDIzXC8wOFwvQmFoaS1zb2xhbm8tYmFoaWEuanBnIiwic2xpZGVzaG93IjoiOGNmYzVkMSJ9\">\n\t\t\t\t\t<div class=\"e-gallery-image elementor-gallery-item__image\" data-thumbnail=\"https:\/\/serenabahia.com\/wp-content\/uploads\/2023\/08\/Bahi-solano-bahia-300x169.jpg\" data-width=\"300\" data-height=\"169\" aria-label=\"\" role=\"img\" ><\/div>\n\t\t\t\t\t\t\t\t\t\t\t<div class=\"elementor-gallery-item__overlay\"><\/div>\n\t\t\t\t\t\t\t\t\t\t\t\t\t\t<\/a>\n\t\t\t\t\t\t\t<a class=\"e-gallery-item elementor-gallery-item elementor-animated-content\" href=\"https:\/\/serenabahia.com\/wp-content\/uploads\/2023\/08\/ballenas.jpg\" data-elementor-open-lightbox=\"yes\" data-elementor-lightbox-slideshow=\"8cfc5d1\" data-elementor-lightbox-title=\"ballenas\" data-e-action-hash=\"#elementor-action%3Aaction%3Dlightbox%26settings%3DeyJpZCI6ODE3LCJ1cmwiOiJodHRwczpcL1wvc2VyZW5hYmFoaWEuY29tXC93cC1jb250ZW50XC91cGxvYWRzXC8yMDIzXC8wOFwvYmFsbGVuYXMuanBnIiwic2xpZGVzaG93IjoiOGNmYzVkMSJ9\">\n\t\t\t\t\t<div class=\"e-gallery-image elementor-gallery-item__image\" data-thumbnail=\"https:\/\/serenabahia.com\/wp-content\/uploads\/2023\/08\/ballenas-300x169.jpg\" data-width=\"300\" data-height=\"169\" aria-label=\"\" role=\"img\" ><\/div>\n\t\t\t\t\t\t\t\t\t\t\t<div class=\"elementor-gallery-item__overlay\"><\/div>\n\t\t\t\t\t\t\t\t\t\t\t\t\t\t<\/a>\n\t\t\t\t\t\t\t<a class=\"e-gallery-item elementor-gallery-item elementor-animated-content\" href=\"https:\/\/serenabahia.com\/wp-content\/uploads\/2023\/08\/playas.jpg\" data-elementor-open-lightbox=\"yes\" data-elementor-lightbox-slideshow=\"8cfc5d1\" data-elementor-lightbox-title=\"playas\" data-e-action-hash=\"#elementor-action%3Aaction%3Dlightbox%26settings%3DeyJpZCI6ODE4LCJ1cmwiOiJodHRwczpcL1wvc2VyZW5hYmFoaWEuY29tXC93cC1jb250ZW50XC91cGxvYWRzXC8yMDIzXC8wOFwvcGxheWFzLmpwZyIsInNsaWRlc2hvdyI6IjhjZmM1ZDEifQ%3D%3D\">\n\t\t\t\t\t<div class=\"e-gallery-image elementor-gallery-item__image\" data-thumbnail=\"https:\/\/serenabahia.com\/wp-content\/uploads\/2023\/08\/playas-300x169.jpg\" data-width=\"300\" data-height=\"169\" aria-label=\"\" role=\"img\" ><\/div>\n\t\t\t\t\t\t\t\t\t\t\t<div class=\"elementor-gallery-item__overlay\"><\/div>\n\t\t\t\t\t\t\t\t\t\t\t\t\t\t<\/a>\n\t\t\t\t\t\t\t<a class=\"e-gallery-item elementor-gallery-item elementor-animated-content\" href=\"https:\/\/serenabahia.com\/wp-content\/uploads\/2023\/08\/turismo.jpg\" data-elementor-open-lightbox=\"yes\" data-elementor-lightbox-slideshow=\"8cfc5d1\" data-elementor-lightbox-title=\"turismo\" data-e-action-hash=\"#elementor-action%3Aaction%3Dlightbox%26settings%3DeyJpZCI6ODE5LCJ1cmwiOiJodHRwczpcL1wvc2VyZW5hYmFoaWEuY29tXC93cC1jb250ZW50XC91cGxvYWRzXC8yMDIzXC8wOFwvdHVyaXNtby5qcGciLCJzbGlkZXNob3ciOiI4Y2ZjNWQxIn0%3D\">\n\t\t\t\t\t<div class=\"e-gallery-image elementor-gallery-item__image\" data-thumbnail=\"https:\/\/serenabahia.com\/wp-content\/uploads\/2023\/08\/turismo-300x169.jpg\" data-width=\"300\" data-height=\"169\" aria-label=\"\" role=\"img\" ><\/div>\n\t\t\t\t\t\t\t\t\t\t\t<div class=\"elementor-gallery-item__overlay\"><\/div>\n\t\t\t\t\t\t\t\t\t\t\t\t\t\t<\/a>\n\t\t\t\t\t\t\t<a class=\"e-gallery-item elementor-gallery-item elementor-animated-content\" href=\"https:\/\/serenabahia.com\/wp-content\/uploads\/2023\/08\/puente.jpg\" data-elementor-open-lightbox=\"yes\" data-elementor-lightbox-slideshow=\"8cfc5d1\" data-elementor-lightbox-title=\"puente\" data-e-action-hash=\"#elementor-action%3Aaction%3Dlightbox%26settings%3DeyJpZCI6ODIxLCJ1cmwiOiJodHRwczpcL1wvc2VyZW5hYmFoaWEuY29tXC93cC1jb250ZW50XC91cGxvYWRzXC8yMDIzXC8wOFwvcHVlbnRlLmpwZyIsInNsaWRlc2hvdyI6IjhjZmM1ZDEifQ%3D%3D\">\n\t\t\t\t\t<div class=\"e-gallery-image elementor-gallery-item__image\" data-thumbnail=\"https:\/\/serenabahia.com\/wp-content\/uploads\/2023\/08\/puente-300x169.jpg\" data-width=\"300\" data-height=\"169\" aria-label=\"\" role=\"img\" ><\/div>\n\t\t\t\t\t\t\t\t\t\t\t<div class=\"elementor-gallery-item__overlay\"><\/div>\n\t\t\t\t\t\t\t\t\t\t\t\t\t\t<\/a>\n\t\t\t\t\t\t\t<a class=\"e-gallery-item elementor-gallery-item elementor-animated-content\" href=\"https:\/\/serenabahia.com\/wp-content\/uploads\/2023\/08\/turismo-1.jpg\" data-elementor-open-lightbox=\"yes\" data-elementor-lightbox-slideshow=\"8cfc5d1\" data-elementor-lightbox-title=\"turismo\" data-e-action-hash=\"#elementor-action%3Aaction%3Dlightbox%26settings%3DeyJpZCI6ODIyLCJ1cmwiOiJodHRwczpcL1wvc2VyZW5hYmFoaWEuY29tXC93cC1jb250ZW50XC91cGxvYWRzXC8yMDIzXC8wOFwvdHVyaXNtby0xLmpwZyIsInNsaWRlc2hvdyI6IjhjZmM1ZDEifQ%3D%3D\">\n\t\t\t\t\t<div class=\"e-gallery-image elementor-gallery-item__image\" data-thumbnail=\"https:\/\/serenabahia.com\/wp-content\/uploads\/2023\/08\/turismo-1-300x169.jpg\" data-width=\"300\" data-height=\"169\" aria-label=\"\" role=\"img\" ><\/div>\n\t\t\t\t\t\t\t\t\t\t\t<div class=\"elementor-gallery-item__overlay\"><\/div>\n\t\t\t\t\t\t\t\t\t\t\t\t\t\t<\/a>\n\t\t\t\t\t\t\t<a class=\"e-gallery-item elementor-gallery-item elementor-animated-content\" href=\"https:\/\/serenabahia.com\/wp-content\/uploads\/2022\/07\/nuqui-8.jpg\" data-elementor-open-lightbox=\"yes\" data-elementor-lightbox-slideshow=\"8cfc5d1\" data-elementor-lightbox-title=\"nuqui-8\" data-e-action-hash=\"#elementor-action%3Aaction%3Dlightbox%26settings%3DeyJpZCI6MTEzLCJ1cmwiOiJodHRwczpcL1wvc2VyZW5hYmFoaWEuY29tXC93cC1jb250ZW50XC91cGxvYWRzXC8yMDIyXC8wN1wvbnVxdWktOC5qcGciLCJzbGlkZXNob3ciOiI4Y2ZjNWQxIn0%3D\">\n\t\t\t\t\t<div class=\"e-gallery-image elementor-gallery-item__image\" data-thumbnail=\"https:\/\/serenabahia.com\/wp-content\/uploads\/2022\/07\/nuqui-8-300x200.jpg\" data-width=\"300\" data-height=\"200\" aria-label=\"\" role=\"img\" ><\/div>\n\t\t\t\t\t\t\t\t\t\t\t<div class=\"elementor-gallery-item__overlay\"><\/div>\n\t\t\t\t\t\t\t\t\t\t\t\t\t\t<\/a>\n\t\t\t\t\t\t\t<a class=\"e-gallery-item elementor-gallery-item elementor-animated-content\" href=\"https:\/\/serenabahia.com\/wp-content\/uploads\/2022\/07\/nuqui-7.jpg\" data-elementor-open-lightbox=\"yes\" data-elementor-lightbox-slideshow=\"8cfc5d1\" data-elementor-lightbox-title=\"nuqui-7\" data-e-action-hash=\"#elementor-action%3Aaction%3Dlightbox%26settings%3DeyJpZCI6MTEyLCJ1cmwiOiJodHRwczpcL1wvc2VyZW5hYmFoaWEuY29tXC93cC1jb250ZW50XC91cGxvYWRzXC8yMDIyXC8wN1wvbnVxdWktNy5qcGciLCJzbGlkZXNob3ciOiI4Y2ZjNWQxIn0%3D\">\n\t\t\t\t\t<div class=\"e-gallery-image elementor-gallery-item__image\" data-thumbnail=\"https:\/\/serenabahia.com\/wp-content\/uploads\/2022\/07\/nuqui-7-300x200.jpg\" data-width=\"300\" data-height=\"200\" aria-label=\"\" role=\"img\" ><\/div>\n\t\t\t\t\t\t\t\t\t\t\t<div class=\"elementor-gallery-item__overlay\"><\/div>\n\t\t\t\t\t\t\t\t\t\t\t\t\t\t<\/a>\n\t\t\t\t\t<\/div>\n\t\t\t\t\t<\/div>\n\t\t\t\t<\/div>\n\t\t<div class=\"elementor-element elementor-element-88166c6 e-con-full e-flex e-con e-child\" data-id=\"88166c6\" data-element_type=\"container\" data-e-type=\"container\">\n\t\t\t\t<div class=\"elementor-element elementor-element-e6bdfe3 elementor-widget elementor-widget-heading\" data-id=\"e6bdfe3\" data-element_type=\"widget\" data-e-type=\"widget\" data-widget_type=\"heading.default\">\n\t\t\t\t\t<h2 class=\"elementor-heading-title elementor-size-default\">Little Known Facts about this Pacific Paradise<\/h2>\t\t\t\t<\/div>\n\t\t\t\t<div class=\"elementor-element elementor-element-204f6c4 elementor-widget elementor-widget-text-editor\" data-id=\"204f6c4\" data-element_type=\"widget\" data-e-type=\"widget\" data-widget_type=\"text-editor.default\">\n\t\t\t\t\t\t\t\t\t<ol><li>Bah\u00eda Solano was founded in the 1950s by settlers from Antioquia attracted by the fine woods and tropical climate of the region.<\/li><li>Its extensive beach is considered one of the most beautiful in the Colombian Pacific. It has more than 7 kilometers of fine golden sand.<\/li><li>It has the second smallest airport in Colombia, with capacity only for small planes landing on the beach.<\/li><li>The Catholic church of Bah\u00eda Solano was built entirely of wood and is elevated on stilts to protect it from the tides.<\/li><li>Most of its population is of Afro-Colombian origin. Its inhabitants keep alive folkloric and culinary traditions.<\/li><li>Its economy is based mainly on artisanal fishing and ecotourism, which is growing rapidly.<\/li><li>Bah\u00eda Solano is home to unique endemic bird species and humpback whales can be observed during their annual migration.<\/li><li>Its unspoiled natural environment includes mangroves, tropical rainforests and rivers ideal for adventure sports such as rafting.<\/li><\/ol>\t\t\t\t\t\t\t\t<\/div>\n\t\t\t\t<\/div>\n\t\t\t\t\t<\/div>\n\t\t\t\t<\/div>\n\t\t<div class=\"elementor-element elementor-element-b6c18e0 e-flex e-con-boxed e-con e-parent\" data-id=\"b6c18e0\" data-element_type=\"container\" data-e-type=\"container\" data-settings=\"{&quot;background_background&quot;:&quot;classic&quot;}\">\n\t\t\t\t\t<div class=\"e-con-inner\">\n\t\t<div class=\"elementor-element elementor-element-29a9ed2 e-con-full e-flex e-con e-child\" data-id=\"29a9ed2\" data-element_type=\"container\" data-e-type=\"container\">\n\t\t\t\t<div class=\"elementor-element elementor-element-c46c30d elementor-widget elementor-widget-heading\" data-id=\"c46c30d\" data-element_type=\"widget\" data-e-type=\"widget\" data-widget_type=\"heading.default\">\n\t\t\t\t\t<h2 class=\"elementor-heading-title elementor-size-default\">Conclusion<\/h2>\t\t\t\t<\/div>\n\t\t\t\t<div class=\"elementor-element elementor-element-0f1ff45 elementor-widget elementor-widget-text-editor\" data-id=\"0f1ff45\" data-element_type=\"widget\" data-e-type=\"widget\" data-widget_type=\"text-editor.default\">\n\t\t\t\t\t\t\t\t\t<p>Consider Bahia Solano and capitalize on its untapped potential in the glamping world!<\/p>\t\t\t\t\t\t\t\t<\/div>\n\t\t\t\t<\/div>\n\t\t<div class=\"elementor-element elementor-element-1028355 e-con-full e-flex e-con e-child\" data-id=\"1028355\" data-element_type=\"container\" data-e-type=\"container\">\n\t\t\t\t<div class=\"elementor-element elementor-element-094a2b7 elementor-widget__width-inherit elementor-widget elementor-widget-jkit_button\" data-id=\"094a2b7\" data-element_type=\"widget\" data-e-type=\"widget\" data-widget_type=\"jkit_button.default\">\n\t\t\t\t\t<div  class=\"jeg-elementor-kit jkit-button  icon-position-before jeg_module___69ed03218a7aa\" ><a href=\"\" class=\"jkit-button-wrapper\">Contact Us<\/a><\/div>\t\t\t\t<\/div>\n\t\t\t\t<\/div>\n\t\t\t\t\t<\/div>\n\t\t\t\t<\/div>\n\t\t\t\t<\/div>","protected":false},"excerpt":{"rendered":"<p>Descubre los Encantos \u00danicos de Bah\u00eda Solano Ubicado en una posici\u00f3n privilegiada sobre el Pac\u00edfico colombiano, el corregimiento de Bah\u00eda Solano cuenta con numerosas ventajas naturales y estrat\u00e9gicas que lo convierten en un lugar ideal para el desarrollo de proyectos tur\u00edsticos sostenibles. Para entender mejor las oportunidades que ofrece este destino emergente, a continuaci\u00f3n presentamos [&hellip;]<\/p>\n","protected":false},"author":1,"featured_media":0,"parent":0,"menu_order":0,"comment_status":"closed","ping_status":"closed","template":"","meta":{"_joinchat":[],"footnotes":""},"class_list":["post-663","page","type-page","status-publish","hentry"],"_links":{"self":[{"href":"https:\/\/serenabahia.com\/en\/wp-json\/wp\/v2\/pages\/663","targetHints":{"allow":["GET"]}}],"collection":[{"href":"https:\/\/serenabahia.com\/en\/wp-json\/wp\/v2\/pages"}],"about":[{"href":"https:\/\/serenabahia.com\/en\/wp-json\/wp\/v2\/types\/page"}],"author":[{"embeddable":true,"href":"https:\/\/serenabahia.com\/en\/wp-json\/wp\/v2\/users\/1"}],"replies":[{"embeddable":true,"href":"https:\/\/serenabahia.com\/en\/wp-json\/wp\/v2\/comments?post=663"}],"version-history":[{"count":61,"href":"https:\/\/serenabahia.com\/en\/wp-json\/wp\/v2\/pages\/663\/revisions"}],"predecessor-version":[{"id":1490,"href":"https:\/\/serenabahia.com\/en\/wp-json\/wp\/v2\/pages\/663\/revisions\/1490"}],"wp:attachment":[{"href":"https:\/\/serenabahia.com\/en\/wp-json\/wp\/v2\/media?parent=663"}],"curies":[{"name":"wp","href":"https:\/\/api.w.org\/{rel}","templated":true}]}}