{"id":693,"date":"2023-08-17T22:24:37","date_gmt":"2023-08-17T22:24:37","guid":{"rendered":"https:\/\/serenabahia.com\/?page_id=693"},"modified":"2025-01-10T02:35:22","modified_gmt":"2025-01-10T02:35:22","slug":"sales-lots","status":"publish","type":"page","link":"https:\/\/serenabahia.com\/en\/sales-lots\/","title":{"rendered":"Lots for sale"},"content":{"rendered":"<div data-elementor-type=\"wp-page\" data-elementor-id=\"693\" class=\"elementor elementor-693\" data-elementor-post-type=\"page\">\n\t\t\t\t<div class=\"elementor-element elementor-element-4f1a9b9 e-flex e-con-boxed e-con e-parent\" data-id=\"4f1a9b9\" data-element_type=\"container\" data-e-type=\"container\" data-settings=\"{&quot;background_background&quot;:&quot;classic&quot;}\">\n\t\t\t\t\t<div class=\"e-con-inner\">\n\t\t<div class=\"elementor-element elementor-element-e938240 e-flex e-con-boxed e-con e-child\" data-id=\"e938240\" data-element_type=\"container\" data-e-type=\"container\">\n\t\t\t\t\t<div class=\"e-con-inner\">\n\t\t\t\t<div class=\"elementor-element elementor-element-c49978c elementor-widget elementor-widget-heading\" data-id=\"c49978c\" data-element_type=\"widget\" data-e-type=\"widget\" data-widget_type=\"heading.default\">\n\t\t\t\t\t<h2 class=\"elementor-heading-title elementor-size-default\">Become a glamping investor in Bahia Solano<\/h2>\t\t\t\t<\/div>\n\t\t\t\t<div class=\"elementor-element elementor-element-f4b61fb elementor-widget elementor-widget-text-editor\" data-id=\"f4b61fb\" data-element_type=\"widget\" data-e-type=\"widget\" data-widget_type=\"text-editor.default\">\n\t\t\t\t\t\t\t\t\t<p>Bah\u00eda Solano is the ideal destination to invest in glamping. This tourist trend is booming all over the world. Take advantage of this opportunity:<\/p>\t\t\t\t\t\t\t\t<\/div>\n\t\t\t\t\t<\/div>\n\t\t\t\t<\/div>\n\t\t<div class=\"elementor-element elementor-element-28f32a3 e-con-full e-flex e-con e-child\" data-id=\"28f32a3\" data-element_type=\"container\" data-e-type=\"container\">\n\t\t\t\t<div class=\"elementor-element elementor-element-b334d4d elementor-widget elementor-widget-image\" data-id=\"b334d4d\" data-element_type=\"widget\" data-e-type=\"widget\" data-widget_type=\"image.default\">\n\t\t\t\t\t\t\t\t\t\t\t\t\t\t\t<img fetchpriority=\"high\" decoding=\"async\" width=\"300\" height=\"304\" src=\"https:\/\/serenabahia.com\/wp-content\/uploads\/2023\/12\/serena-bahia-logo.png\" class=\"attachment-large size-large wp-image-1405\" alt=\"\" srcset=\"https:\/\/serenabahia.com\/wp-content\/uploads\/2023\/12\/serena-bahia-logo.png 300w, https:\/\/serenabahia.com\/wp-content\/uploads\/2023\/12\/serena-bahia-logo-296x300.png 296w, https:\/\/serenabahia.com\/wp-content\/uploads\/2023\/12\/serena-bahia-logo-12x12.png 12w\" sizes=\"(max-width: 300px) 100vw, 300px\" \/>\t\t\t\t\t\t\t\t\t\t\t\t\t\t\t<\/div>\n\t\t\t\t<\/div>\n\t\t\t\t\t<\/div>\n\t\t\t\t<\/div>\n\t\t<div class=\"elementor-element elementor-element-044c758 e-flex e-con-boxed e-con e-parent\" data-id=\"044c758\" data-element_type=\"container\" data-e-type=\"container\" data-settings=\"{&quot;background_background&quot;:&quot;classic&quot;}\">\n\t\t\t\t\t<div class=\"e-con-inner\">\n\t\t<div class=\"elementor-element elementor-element-5c55b1e e-con-full e-flex e-con e-child\" data-id=\"5c55b1e\" data-element_type=\"container\" data-e-type=\"container\">\n\t\t\t\t<div class=\"elementor-element elementor-element-e6e4017 elementor-widget elementor-widget-heading\" data-id=\"e6e4017\" data-element_type=\"widget\" data-e-type=\"widget\" data-widget_type=\"heading.default\">\n\t\t\t\t\t<h2 class=\"elementor-heading-title elementor-size-default\">Presentation of the land<\/h2>\t\t\t\t<\/div>\n\t\t\t\t<div class=\"elementor-element elementor-element-5f8ef9c elementor-widget elementor-widget-text-editor\" data-id=\"5f8ef9c\" data-element_type=\"widget\" data-e-type=\"widget\" data-widget_type=\"text-editor.default\">\n\t\t\t\t\t\t\t\t\t<p class=\"whitespace-pre-wrap\">We have the ideal land to invest in glamping in Bahia Solano. It is an exclusive space of 66 Acres \/ 27 Hectares of extension, located in the village of El Valle, on the north coast of the Pacific coast of Choc\u00f3.<\/p><p class=\"whitespace-pre-wrap\">Our property is located in a paradisiacal setting, surrounded by lush tropical nature and with stunning ocean views. It also enjoys a privileged location, very close to renowned attractions such as the beaches of Nutibara and El Valle.<\/p><p class=\"whitespace-pre-wrap\">This extraordinary piece of land facing the Pacific Ocean is the perfect place for an innovative boutique glamping project.<\/p>\t\t\t\t\t\t\t\t<\/div>\n\t\t\t\t<div class=\"elementor-element elementor-element-1696835 elementor-widget elementor-widget-image\" data-id=\"1696835\" data-element_type=\"widget\" data-e-type=\"widget\" data-widget_type=\"image.default\">\n\t\t\t\t\t\t\t\t\t\t\t\t\t\t\t<img decoding=\"async\" width=\"1300\" height=\"299\" src=\"https:\/\/serenabahia.com\/wp-content\/uploads\/2025\/01\/lote-principal-1.jpg\" class=\"attachment-full size-full wp-image-1541\" alt=\"\" srcset=\"https:\/\/serenabahia.com\/wp-content\/uploads\/2025\/01\/lote-principal-1.jpg 1300w, https:\/\/serenabahia.com\/wp-content\/uploads\/2025\/01\/lote-principal-1-300x69.jpg 300w, https:\/\/serenabahia.com\/wp-content\/uploads\/2025\/01\/lote-principal-1-1024x236.jpg 1024w, https:\/\/serenabahia.com\/wp-content\/uploads\/2025\/01\/lote-principal-1-768x177.jpg 768w, https:\/\/serenabahia.com\/wp-content\/uploads\/2025\/01\/lote-principal-1-18x4.jpg 18w\" sizes=\"(max-width: 1300px) 100vw, 1300px\" \/>\t\t\t\t\t\t\t\t\t\t\t\t\t\t\t<\/div>\n\t\t\t\t<\/div>\n\t\t\t\t\t<\/div>\n\t\t\t\t<\/div>\n\t\t<div class=\"elementor-element elementor-element-4cbfba0 e-flex e-con-boxed e-con e-parent\" data-id=\"4cbfba0\" data-element_type=\"container\" data-e-type=\"container\">\n\t\t\t\t\t<div class=\"e-con-inner\">\n\t\t<div class=\"elementor-element elementor-element-1f9b748 e-con-full e-flex e-con e-child\" data-id=\"1f9b748\" data-element_type=\"container\" data-e-type=\"container\">\n\t\t\t\t<div class=\"elementor-element elementor-element-411c882 elementor-widget elementor-widget-heading\" data-id=\"411c882\" data-element_type=\"widget\" data-e-type=\"widget\" data-widget_type=\"heading.default\">\n\t\t\t\t\t<h2 class=\"elementor-heading-title elementor-size-default\">Business Model<\/h2>\t\t\t\t<\/div>\n\t\t\t\t<div class=\"elementor-element elementor-element-4119f23 elementor-widget elementor-widget-text-editor\" data-id=\"4119f23\" data-element_type=\"widget\" data-e-type=\"widget\" data-widget_type=\"text-editor.default\">\n\t\t\t\t\t\t\t\t\t<p class=\"whitespace-pre-wrap\">Purchase a lot of our land to create your own boutique glamping. We offer lots of:<\/p><ul><li>1\/8 acre (500 m\u00b2)<\/li><li>1\/4 acre (1000 m\u00b2)<\/li><li>1\/2 acre (2000 m\u00b2)<\/li><li>1 acre (4000 m\u00b2)<\/li><\/ul>\t\t\t\t\t\t\t\t<\/div>\n\t\t\t\t<div class=\"elementor-element elementor-element-68f5c8d elementor-widget elementor-widget-text-editor\" data-id=\"68f5c8d\" data-element_type=\"widget\" data-e-type=\"widget\" data-widget_type=\"text-editor.default\">\n\t\t\t\t\t\t\t\t\t<p class=\"whitespace-pre-wrap\">We provide:<\/p><ul class=\"list-disc pl-8 space-y-2\"><li class=\"whitespace-normal\">Ocean view lots<\/li><li class=\"whitespace-normal\">Consulting for your project<\/li><\/ul>\t\t\t\t\t\t\t\t<\/div>\n\t\t\t\t<div class=\"elementor-element elementor-element-768b04b elementor-widget elementor-widget-text-editor\" data-id=\"768b04b\" data-element_type=\"widget\" data-e-type=\"widget\" data-widget_type=\"text-editor.default\">\n\t\t\t\t\t\t\t\t\t<p class=\"whitespace-pre-wrap\">You design, install and manage your glamping with total flexibility. With premium rates you can quickly recover your investment.<\/p><p class=\"whitespace-pre-wrap\">Once in operation, we take care of promotion, reservations, check-in, cleaning and coordination of activities in the area. We manage listings on Airbnb and Booking.com.<\/p><p class=\"whitespace-pre-wrap\">With profit margins over 60%, this is a unique investment opportunity in one of the fastest growing tourism niches globally.<\/p>\t\t\t\t\t\t\t\t<\/div>\n\t\t\t\t<\/div>\n\t\t<div class=\"elementor-element elementor-element-7cd928c e-con-full e-flex e-con e-child\" data-id=\"7cd928c\" data-element_type=\"container\" data-e-type=\"container\">\n\t\t\t\t<div class=\"elementor-element elementor-element-7f719da elementor-widget elementor-widget-gallery\" data-id=\"7f719da\" data-element_type=\"widget\" data-e-type=\"widget\" data-settings=\"{&quot;columns&quot;:2,&quot;lazyload&quot;:&quot;yes&quot;,&quot;gallery_layout&quot;:&quot;grid&quot;,&quot;columns_tablet&quot;:2,&quot;columns_mobile&quot;:1,&quot;gap&quot;:{&quot;unit&quot;:&quot;px&quot;,&quot;size&quot;:10,&quot;sizes&quot;:[]},&quot;gap_tablet&quot;:{&quot;unit&quot;:&quot;px&quot;,&quot;size&quot;:10,&quot;sizes&quot;:[]},&quot;gap_mobile&quot;:{&quot;unit&quot;:&quot;px&quot;,&quot;size&quot;:10,&quot;sizes&quot;:[]},&quot;link_to&quot;:&quot;file&quot;,&quot;aspect_ratio&quot;:&quot;3:2&quot;,&quot;overlay_background&quot;:&quot;yes&quot;,&quot;content_hover_animation&quot;:&quot;fade-in&quot;}\" data-widget_type=\"gallery.default\">\n\t\t\t\t\t\t\t<div class=\"elementor-gallery__container\">\n\t\t\t\t\t\t\t<a class=\"e-gallery-item elementor-gallery-item elementor-animated-content\" href=\"https:\/\/serenabahia.com\/wp-content\/uploads\/2025\/01\/lote-1-1.jpg\" data-elementor-open-lightbox=\"yes\" data-elementor-lightbox-slideshow=\"7f719da\" data-elementor-lightbox-title=\"lote-1\" data-e-action-hash=\"#elementor-action%3Aaction%3Dlightbox%26settings%3DeyJpZCI6MTUyMiwidXJsIjoiaHR0cHM6XC9cL3NlcmVuYWJhaGlhLmNvbVwvd3AtY29udGVudFwvdXBsb2Fkc1wvMjAyNVwvMDFcL2xvdGUtMS0xLmpwZyIsInNsaWRlc2hvdyI6IjdmNzE5ZGEifQ%3D%3D\">\n\t\t\t\t\t<div class=\"e-gallery-image elementor-gallery-item__image\" data-thumbnail=\"https:\/\/serenabahia.com\/wp-content\/uploads\/2025\/01\/lote-1-1.jpg\" data-width=\"600\" data-height=\"338\" aria-label=\"\" role=\"img\" ><\/div>\n\t\t\t\t\t\t\t\t\t\t\t<div class=\"elementor-gallery-item__overlay\"><\/div>\n\t\t\t\t\t\t\t\t\t\t\t\t\t\t<\/a>\n\t\t\t\t\t\t\t<a class=\"e-gallery-item elementor-gallery-item elementor-animated-content\" href=\"https:\/\/serenabahia.com\/wp-content\/uploads\/2025\/01\/lote-8.jpg\" data-elementor-open-lightbox=\"yes\" data-elementor-lightbox-slideshow=\"7f719da\" data-elementor-lightbox-title=\"lote-8\" data-e-action-hash=\"#elementor-action%3Aaction%3Dlightbox%26settings%3DeyJpZCI6MTUyNywidXJsIjoiaHR0cHM6XC9cL3NlcmVuYWJhaGlhLmNvbVwvd3AtY29udGVudFwvdXBsb2Fkc1wvMjAyNVwvMDFcL2xvdGUtOC5qcGciLCJzbGlkZXNob3ciOiI3ZjcxOWRhIn0%3D\">\n\t\t\t\t\t<div class=\"e-gallery-image elementor-gallery-item__image\" data-thumbnail=\"https:\/\/serenabahia.com\/wp-content\/uploads\/2025\/01\/lote-8.jpg\" data-width=\"600\" data-height=\"338\" aria-label=\"\" role=\"img\" ><\/div>\n\t\t\t\t\t\t\t\t\t\t\t<div class=\"elementor-gallery-item__overlay\"><\/div>\n\t\t\t\t\t\t\t\t\t\t\t\t\t\t<\/a>\n\t\t\t\t\t\t\t<a class=\"e-gallery-item elementor-gallery-item elementor-animated-content\" href=\"https:\/\/serenabahia.com\/wp-content\/uploads\/2025\/01\/lote-2.jpg\" data-elementor-open-lightbox=\"yes\" data-elementor-lightbox-slideshow=\"7f719da\" data-elementor-lightbox-title=\"lote-2\" data-e-action-hash=\"#elementor-action%3Aaction%3Dlightbox%26settings%3DeyJpZCI6MTUyMywidXJsIjoiaHR0cHM6XC9cL3NlcmVuYWJhaGlhLmNvbVwvd3AtY29udGVudFwvdXBsb2Fkc1wvMjAyNVwvMDFcL2xvdGUtMi5qcGciLCJzbGlkZXNob3ciOiI3ZjcxOWRhIn0%3D\">\n\t\t\t\t\t<div class=\"e-gallery-image elementor-gallery-item__image\" data-thumbnail=\"https:\/\/serenabahia.com\/wp-content\/uploads\/2025\/01\/lote-2.jpg\" data-width=\"600\" data-height=\"338\" aria-label=\"\" role=\"img\" ><\/div>\n\t\t\t\t\t\t\t\t\t\t\t<div class=\"elementor-gallery-item__overlay\"><\/div>\n\t\t\t\t\t\t\t\t\t\t\t\t\t\t<\/a>\n\t\t\t\t\t\t\t<a class=\"e-gallery-item elementor-gallery-item elementor-animated-content\" href=\"https:\/\/serenabahia.com\/wp-content\/uploads\/2025\/01\/lote-3.jpg\" data-elementor-open-lightbox=\"yes\" data-elementor-lightbox-slideshow=\"7f719da\" data-elementor-lightbox-title=\"lote-3\" data-e-action-hash=\"#elementor-action%3Aaction%3Dlightbox%26settings%3DeyJpZCI6MTUyNCwidXJsIjoiaHR0cHM6XC9cL3NlcmVuYWJhaGlhLmNvbVwvd3AtY29udGVudFwvdXBsb2Fkc1wvMjAyNVwvMDFcL2xvdGUtMy5qcGciLCJzbGlkZXNob3ciOiI3ZjcxOWRhIn0%3D\">\n\t\t\t\t\t<div class=\"e-gallery-image elementor-gallery-item__image\" data-thumbnail=\"https:\/\/serenabahia.com\/wp-content\/uploads\/2025\/01\/lote-3.jpg\" data-width=\"600\" data-height=\"338\" aria-label=\"\" role=\"img\" ><\/div>\n\t\t\t\t\t\t\t\t\t\t\t<div class=\"elementor-gallery-item__overlay\"><\/div>\n\t\t\t\t\t\t\t\t\t\t\t\t\t\t<\/a>\n\t\t\t\t\t\t\t<a class=\"e-gallery-item elementor-gallery-item elementor-animated-content\" href=\"https:\/\/serenabahia.com\/wp-content\/uploads\/2025\/01\/lote-4.jpg\" data-elementor-open-lightbox=\"yes\" data-elementor-lightbox-slideshow=\"7f719da\" data-elementor-lightbox-title=\"lote-4\" data-e-action-hash=\"#elementor-action%3Aaction%3Dlightbox%26settings%3DeyJpZCI6MTUyNSwidXJsIjoiaHR0cHM6XC9cL3NlcmVuYWJhaGlhLmNvbVwvd3AtY29udGVudFwvdXBsb2Fkc1wvMjAyNVwvMDFcL2xvdGUtNC5qcGciLCJzbGlkZXNob3ciOiI3ZjcxOWRhIn0%3D\">\n\t\t\t\t\t<div class=\"e-gallery-image elementor-gallery-item__image\" data-thumbnail=\"https:\/\/serenabahia.com\/wp-content\/uploads\/2025\/01\/lote-4.jpg\" data-width=\"600\" data-height=\"338\" aria-label=\"\" role=\"img\" ><\/div>\n\t\t\t\t\t\t\t\t\t\t\t<div class=\"elementor-gallery-item__overlay\"><\/div>\n\t\t\t\t\t\t\t\t\t\t\t\t\t\t<\/a>\n\t\t\t\t\t\t\t<a class=\"e-gallery-item elementor-gallery-item elementor-animated-content\" href=\"https:\/\/serenabahia.com\/wp-content\/uploads\/2025\/01\/lote-6.jpg\" data-elementor-open-lightbox=\"yes\" data-elementor-lightbox-slideshow=\"7f719da\" data-elementor-lightbox-title=\"lote-6\" data-e-action-hash=\"#elementor-action%3Aaction%3Dlightbox%26settings%3DeyJpZCI6MTUyNiwidXJsIjoiaHR0cHM6XC9cL3NlcmVuYWJhaGlhLmNvbVwvd3AtY29udGVudFwvdXBsb2Fkc1wvMjAyNVwvMDFcL2xvdGUtNi5qcGciLCJzbGlkZXNob3ciOiI3ZjcxOWRhIn0%3D\">\n\t\t\t\t\t<div class=\"e-gallery-image elementor-gallery-item__image\" data-thumbnail=\"https:\/\/serenabahia.com\/wp-content\/uploads\/2025\/01\/lote-6.jpg\" data-width=\"600\" data-height=\"338\" aria-label=\"\" role=\"img\" ><\/div>\n\t\t\t\t\t\t\t\t\t\t\t<div class=\"elementor-gallery-item__overlay\"><\/div>\n\t\t\t\t\t\t\t\t\t\t\t\t\t\t<\/a>\n\t\t\t\t\t\t\t<a class=\"e-gallery-item elementor-gallery-item elementor-animated-content\" href=\"https:\/\/serenabahia.com\/wp-content\/uploads\/2025\/01\/lote-9.jpg\" data-elementor-open-lightbox=\"yes\" data-elementor-lightbox-slideshow=\"7f719da\" data-elementor-lightbox-title=\"lote-9\" data-e-action-hash=\"#elementor-action%3Aaction%3Dlightbox%26settings%3DeyJpZCI6MTUyOCwidXJsIjoiaHR0cHM6XC9cL3NlcmVuYWJhaGlhLmNvbVwvd3AtY29udGVudFwvdXBsb2Fkc1wvMjAyNVwvMDFcL2xvdGUtOS5qcGciLCJzbGlkZXNob3ciOiI3ZjcxOWRhIn0%3D\">\n\t\t\t\t\t<div class=\"e-gallery-image elementor-gallery-item__image\" data-thumbnail=\"https:\/\/serenabahia.com\/wp-content\/uploads\/2025\/01\/lote-9.jpg\" data-width=\"600\" data-height=\"338\" aria-label=\"\" role=\"img\" ><\/div>\n\t\t\t\t\t\t\t\t\t\t\t<div class=\"elementor-gallery-item__overlay\"><\/div>\n\t\t\t\t\t\t\t\t\t\t\t\t\t\t<\/a>\n\t\t\t\t\t\t\t<a class=\"e-gallery-item elementor-gallery-item elementor-animated-content\" href=\"https:\/\/serenabahia.com\/wp-content\/uploads\/2025\/01\/lote-10.jpg\" data-elementor-open-lightbox=\"yes\" data-elementor-lightbox-slideshow=\"7f719da\" data-elementor-lightbox-title=\"lote-10\" data-e-action-hash=\"#elementor-action%3Aaction%3Dlightbox%26settings%3DeyJpZCI6MTUzMiwidXJsIjoiaHR0cHM6XC9cL3NlcmVuYWJhaGlhLmNvbVwvd3AtY29udGVudFwvdXBsb2Fkc1wvMjAyNVwvMDFcL2xvdGUtMTAuanBnIiwic2xpZGVzaG93IjoiN2Y3MTlkYSJ9\">\n\t\t\t\t\t<div class=\"e-gallery-image elementor-gallery-item__image\" data-thumbnail=\"https:\/\/serenabahia.com\/wp-content\/uploads\/2025\/01\/lote-10.jpg\" data-width=\"600\" data-height=\"338\" aria-label=\"\" role=\"img\" ><\/div>\n\t\t\t\t\t\t\t\t\t\t\t<div class=\"elementor-gallery-item__overlay\"><\/div>\n\t\t\t\t\t\t\t\t\t\t\t\t\t\t<\/a>\n\t\t\t\t\t<\/div>\n\t\t\t\t\t<\/div>\n\t\t\t\t<\/div>\n\t\t\t\t\t<\/div>\n\t\t\t\t<\/div>\n\t\t<div class=\"elementor-element elementor-element-47d0ef0 e-flex e-con-boxed e-con e-parent\" data-id=\"47d0ef0\" data-element_type=\"container\" data-e-type=\"container\" data-settings=\"{&quot;background_background&quot;:&quot;classic&quot;}\">\n\t\t\t\t\t<div class=\"e-con-inner\">\n\t\t<div class=\"elementor-element elementor-element-bd51c3a e-con-full e-flex e-con e-child\" data-id=\"bd51c3a\" data-element_type=\"container\" data-e-type=\"container\" data-settings=\"{&quot;background_background&quot;:&quot;classic&quot;}\">\n\t\t\t\t<div class=\"elementor-element elementor-element-087a45d elementor-widget elementor-widget-html\" data-id=\"087a45d\" data-element_type=\"widget\" data-e-type=\"widget\" data-widget_type=\"html.default\">\n\t\t\t\t\t<style>\r\n    #calculadoraLote h2 {\r\n        display: block;\r\n        width: 100%;\r\n        text-align: center;\r\n    }\r\n<\/style>\r\n\r\n<div id=\"calculadoraLote\" class=\"container\">\r\n    <h2>Lot Price Calculator<\/h2>\r\n\r\n    <form id=\"calcForm\" action=\"\">\r\n        <label for=\"area\">Select the area:<\/label>\r\n        <select id=\"area\" required>\r\n            <option value=\"1\/8\">1\/8 acre (500 m\u00b2)<\/option>\r\n            <option value=\"1\/4\">1\/4 acre (1000 m\u00b2)<\/option>\r\n            <option value=\"1\/2\">1\/2 acre (2000 m\u00b2)<\/option>\r\n            <option value=\"1\">1 acre (4000 m\u00b2)<\/option>\r\n        <\/select>\r\n\r\n        <label for=\"numLotes\">Number of lots:<\/label>\r\n        <input type=\"number\" id=\"numLotes\" min=\"1\" value=\"1\" required>\r\n\r\n        <button type=\"button\" class=\"btn\" onclick=\"calcularPrecio()\">Calculate Price<\/button>\r\n    <input type=\"hidden\" name=\"trp-form-language\" value=\"en\"\/><\/form>\r\n\r\n    <div id=\"tasaDeCambio\"><\/div>\r\n\r\n    <div class=\"result\" id=\"result\">\r\n        <!-- Aqu\u00ed se mostrar\u00e1n los resultados -->\r\n    <\/div>\r\n<\/div>\r\n\r\n<script>\r\n\/\/ Funci\u00f3n para obtener el valor actual del d\u00f3lar\r\nasync function obtenerTasaDeCambio() {\r\n    const apiKey = 'f0f6e6b837225b4ee10f8ccd'; \/\/ Tu clave API\r\n    const url = `https:\/\/v6.exchangerate-api.com\/v6\/${apiKey}\/latest\/USD`;\r\n\r\n    try {\r\n        const response = await fetch(url);\r\n        const data = await response.json();\r\n        if (data.result === \"success\") {\r\n            return data.conversion_rates.COP; \/\/ Tasa de conversi\u00f3n de USD a COP\r\n        } else {\r\n            console.error(\"Error al obtener la tasa de cambio.\");\r\n            return 4225; \/\/ Valor predeterminado si hay un error en la API\r\n        }\r\n    } catch (error) {\r\n        console.error(\"Error en la solicitud a la API:\", error);\r\n        return 4225; \/\/ Valor predeterminado si hay un error\r\n    }\r\n}\r\n\r\n\/\/ Funci\u00f3n para calcular el precio\r\nasync function calcularPrecio() {\r\n    \/\/ Obtener el valor de la tasa de cambio actual\r\n    const tasaDeCambio = await obtenerTasaDeCambio();\r\n    console.log(\"Tasa de cambio actual (COP\/USD):\", tasaDeCambio);\r\n\r\n    \/\/ Mostrar la tasa de cambio en la p\u00e1gina\r\n    document.getElementById('tasaDeCambio').innerHTML = `\r\n        <p><strong>Tasa de cambio actual (COP\/USD):<\/strong> ${tasaDeCambio.toFixed(2)}<\/p>\r\n    `;\r\n\r\n    \/\/ Obtener el valor del \u00e1rea seleccionado\r\n    const area = document.getElementById('area').value;\r\n    const numLotes = parseInt(document.getElementById('numLotes').value);\r\n\r\n    \/\/ Definir el precio por \u00e1rea en COP\r\n    let precioCOP = 0;\r\n    let precioUSD = 0;\r\n\r\n    \/\/ Establecer los precios en pesos colombianos seg\u00fan el \u00e1rea\r\n    switch (area) {\r\n        case \"1\/8\":\r\n            precioCOP = 25000000;\r\n            precioUSD = 5917.16;\r\n            break;\r\n        case \"1\/4\":\r\n            precioCOP = 50000000;\r\n            precioUSD = 11834.32;\r\n            break;\r\n        case \"1\/2\":\r\n            precioCOP = 100000000;\r\n            precioUSD = 23668.64;\r\n            break;\r\n        case \"1\":\r\n            precioCOP = 200000000;\r\n            precioUSD = 47337.28;\r\n            break;\r\n    }\r\n\r\n    \/\/ Calcular el total en COP y USD\r\n    const totalCOP = precioCOP * numLotes;\r\n    const totalUSD = precioUSD * numLotes;\r\n\r\n    \/\/ Convertir el total a d\u00f3lares usando la tasa de cambio obtenida\r\n    const totalEnUSD = totalCOP \/ tasaDeCambio;\r\n\r\n    \/\/ Mostrar los resultados\r\n    document.getElementById('result').innerHTML = `\r\n        <p><strong>Total en Pesos Colombianos (COP):<\/strong> $${totalCOP.toLocaleString()}<\/p>\r\n        <p><strong>Total en D\u00f3lares (USD):<\/strong> $${totalEnUSD.toFixed(2)}<\/p>\r\n    `;\r\n}\r\n<\/script>\r\n\t\t\t\t<\/div>\n\t\t\t\t<\/div>\n\t\t\t\t\t<\/div>\n\t\t\t\t<\/div>\n\t\t\t\t<section class=\"elementor-section elementor-top-section elementor-element elementor-element-b7fc99b elementor-section-boxed elementor-section-height-default elementor-section-height-default\" data-id=\"b7fc99b\" data-element_type=\"section\" data-e-type=\"section\" data-settings=\"{&quot;background_background&quot;:&quot;classic&quot;}\">\n\t\t\t\t\t\t\t<div class=\"elementor-background-overlay\"><\/div>\n\t\t\t\t\t\t\t<div class=\"elementor-container elementor-column-gap-no\">\n\t\t\t\t\t<div class=\"elementor-column elementor-col-50 elementor-top-column elementor-element elementor-element-643eb02\" data-id=\"643eb02\" data-element_type=\"column\" data-e-type=\"column\">\n\t\t\t<div class=\"elementor-widget-wrap elementor-element-populated\">\n\t\t\t\t\t\t<div class=\"elementor-element elementor-element-fd2d8c5 elementor-widget elementor-widget-heading\" data-id=\"fd2d8c5\" data-element_type=\"widget\" data-e-type=\"widget\" data-widget_type=\"heading.default\">\n\t\t\t\t\t<h2 class=\"elementor-heading-title elementor-size-default\">Live an innovative experience<\/h2>\t\t\t\t<\/div>\n\t\t\t\t<div class=\"elementor-element elementor-element-608acdf elementor-widget elementor-widget-text-editor\" data-id=\"608acdf\" data-element_type=\"widget\" data-e-type=\"widget\" data-widget_type=\"text-editor.default\">\n\t\t\t\t\t\t\t\t\t<p>A unique opportunity to have a successful glamping business in Bahia Solano! Contact us to reserve your lot.<\/p>\t\t\t\t\t\t\t\t<\/div>\n\t\t\t\t\t<\/div>\n\t\t<\/div>\n\t\t\t\t<div class=\"elementor-column elementor-col-50 elementor-top-column elementor-element elementor-element-df053e8\" data-id=\"df053e8\" data-element_type=\"column\" data-e-type=\"column\">\n\t\t\t<div class=\"elementor-widget-wrap elementor-element-populated\">\n\t\t\t\t\t\t<div class=\"elementor-element elementor-element-b326e61 elementor-widget__width-inherit elementor-widget elementor-widget-jkit_button\" data-id=\"b326e61\" data-element_type=\"widget\" data-e-type=\"widget\" data-widget_type=\"jkit_button.default\">\n\t\t\t\t\t<div  class=\"jeg-elementor-kit jkit-button  icon-position-before jeg_module___69ed03276fd12\" ><a href=\"\" class=\"jkit-button-wrapper\">Contact Us<\/a><\/div>\t\t\t\t<\/div>\n\t\t\t\t\t<\/div>\n\t\t<\/div>\n\t\t\t\t\t<\/div>\n\t\t<\/section>\n\t\t\t\t<\/div>","protected":false},"excerpt":{"rendered":"<p>Convi\u00e9rtase en inversionista de glamping en Bah\u00eda Solano Bah\u00eda Solano es el destino ideal para invertir en glamping. Esta tendencia tur\u00edstica est\u00e1 en auge en todo el mundo. Aproveche esta oportunidad: Presentaci\u00f3n del terreno Disponemos del terreno ideal para invertir en glamping en Bah\u00eda Solano. Se trata de un exclusivo espacio de 66 Acres \/ [&hellip;]<\/p>\n","protected":false},"author":1,"featured_media":0,"parent":0,"menu_order":0,"comment_status":"closed","ping_status":"closed","template":"","meta":{"_joinchat":[],"footnotes":""},"class_list":["post-693","page","type-page","status-publish","hentry"],"_links":{"self":[{"href":"https:\/\/serenabahia.com\/en\/wp-json\/wp\/v2\/pages\/693","targetHints":{"allow":["GET"]}}],"collection":[{"href":"https:\/\/serenabahia.com\/en\/wp-json\/wp\/v2\/pages"}],"about":[{"href":"https:\/\/serenabahia.com\/en\/wp-json\/wp\/v2\/types\/page"}],"author":[{"embeddable":true,"href":"https:\/\/serenabahia.com\/en\/wp-json\/wp\/v2\/users\/1"}],"replies":[{"embeddable":true,"href":"https:\/\/serenabahia.com\/en\/wp-json\/wp\/v2\/comments?post=693"}],"version-history":[{"count":70,"href":"https:\/\/serenabahia.com\/en\/wp-json\/wp\/v2\/pages\/693\/revisions"}],"predecessor-version":[{"id":1549,"href":"https:\/\/serenabahia.com\/en\/wp-json\/wp\/v2\/pages\/693\/revisions\/1549"}],"wp:attachment":[{"href":"https:\/\/serenabahia.com\/en\/wp-json\/wp\/v2\/media?parent=693"}],"curies":[{"name":"wp","href":"https:\/\/api.w.org\/{rel}","templated":true}]}}